{"id":1370,"date":"2015-08-19T14:43:47","date_gmt":"2015-08-19T13:43:47","guid":{"rendered":"https:\/\/www.bodoli.co.uk\/cy\/product\/mum\/"},"modified":"2024-03-15T12:50:54","modified_gmt":"2024-03-15T12:50:54","slug":"mum","status":"publish","type":"product","link":"https:\/\/www.bodoli.co.uk\/cy\/product\/mum\/","title":{"rendered":"Mum"},"content":{"rendered":"","protected":false},"excerpt":{"rendered":"<p>Ffr\u00e2m Celf Cerrig Bychain Wych i Mam.\u00a0<\/p>\n<p>Caiff ein holl fframiau eu gwneud \u00e2 llaw gan ddefnyddio deunyddiau naturiol \u2013 edrychwch sut y mae modd i ni ddylunio un yn arbennig ar eich cyfer chi.<\/p>\n","protected":false},"featured_media":2039,"comment_status":"open","ping_status":"closed","template":"","meta":{"_acf_changed":false,"_mi_skip_tracking":false},"product_brand":[],"product_cat":[59,75,52,54,50,85],"product_tag":[],"class_list":{"0":"post-1370","1":"product","2":"type-product","3":"status-publish","4":"has-post-thumbnail","6":"product_cat-fframiau","7":"product_cat-fframiau-celf-cerrig-bychain","8":"product_cat-rhoddion-iddo-ef","9":"product_cat-rhoddion-personoledig","10":"product_cat-sul-y-tadau","11":"product_cat-teulu","13":"first","14":"instock","15":"sold-individually","16":"shipping-taxable","17":"purchasable","18":"product-type-variable","19":"has-default-attributes"},"acf":[],"yoast_head":"<!-- This site is optimized with the Yoast SEO plugin v25.8 - https:\/\/yoast.com\/wordpress\/plugins\/seo\/ -->\n<title>Mam | Ffr\u00e2m Celf Cerrig Bychain Unigryw wedi&#039;i Gwneud \u00e2 Llaw, i&#039;w rhoi fel Rhodd - Bodoli<\/title>\n<meta name=\"description\" content=\"Ffr\u00e2m Celf Cerrig Bychain Wych i Mam. Caiff ein holl fframiau eu gwneud \u00e2 llaw gan ddefnyddio deunyddiau naturiol \u2013 edrychwch sut y mae modd i ni ddylunio un yn arbennig ar eich cyfer chi.\" \/>\n<meta name=\"robots\" content=\"index, follow, max-snippet:-1, max-image-preview:large, max-video-preview:-1\" \/>\n<link rel=\"canonical\" href=\"https:\/\/www.bodoli.co.uk\/cy\/product\/mum\/\" \/>\n<meta property=\"og:locale\" content=\"en_US\" \/>\n<meta property=\"og:type\" content=\"article\" \/>\n<meta property=\"og:title\" content=\"Mam | Ffr\u00e2m Celf Cerrig Bychain Unigryw wedi&#039;i Gwneud \u00e2 Llaw, i&#039;w rhoi fel Rhodd - Bodoli\" \/>\n<meta property=\"og:description\" content=\"Ffr\u00e2m Celf Cerrig Bychain Wych i Mam. Caiff ein holl fframiau eu gwneud \u00e2 llaw gan ddefnyddio deunyddiau naturiol \u2013 edrychwch sut y mae modd i ni ddylunio un yn arbennig ar eich cyfer chi.\" \/>\n<meta property=\"og:url\" content=\"https:\/\/www.bodoli.co.uk\/cy\/product\/mum\/\" \/>\n<meta property=\"og:site_name\" content=\"Bodoli\" \/>\n<meta property=\"article:publisher\" content=\"https:\/\/www.facebook.com\/Bodoliart\/\" \/>\n<meta property=\"article:modified_time\" content=\"2024-03-15T12:50:54+00:00\" \/>\n<meta property=\"og:image\" content=\"https:\/\/www.bodoli.co.uk\/wp-content\/uploads\/2016\/06\/teulu-ni.jpg\" \/>\n\t<meta property=\"og:image:width\" content=\"500\" \/>\n\t<meta property=\"og:image:height\" content=\"500\" \/>\n\t<meta property=\"og:image:type\" content=\"image\/jpeg\" \/>\n<meta name=\"twitter:card\" content=\"summary_large_image\" \/>\n<script type=\"application\/ld+json\" class=\"yoast-schema-graph\">{\"@context\":\"https:\/\/schema.org\",\"@graph\":[{\"@type\":\"WebPage\",\"@id\":\"https:\/\/www.bodoli.co.uk\/cy\/product\/mum\/\",\"url\":\"https:\/\/www.bodoli.co.uk\/cy\/product\/mum\/\",\"name\":\"Mam | Ffr\u00e2m Celf Cerrig Bychain Unigryw wedi'i Gwneud \u00e2 Llaw, i'w rhoi fel Rhodd - Bodoli\",\"isPartOf\":{\"@id\":\"https:\/\/www.bodoli.co.uk\/#website\"},\"primaryImageOfPage\":{\"@id\":\"https:\/\/www.bodoli.co.uk\/cy\/product\/mum\/#primaryimage\"},\"image\":{\"@id\":\"https:\/\/www.bodoli.co.uk\/cy\/product\/mum\/#primaryimage\"},\"thumbnailUrl\":\"https:\/\/www.bodoli.co.uk\/wp-content\/uploads\/2016\/06\/teulu-ni.jpg\",\"datePublished\":\"2015-08-19T13:43:47+00:00\",\"dateModified\":\"2024-03-15T12:50:54+00:00\",\"description\":\"Ffr\u00e2m Celf Cerrig Bychain Wych i Mam. Caiff ein holl fframiau eu gwneud \u00e2 llaw gan ddefnyddio deunyddiau naturiol \u2013 edrychwch sut y mae modd i ni ddylunio un yn arbennig ar eich cyfer chi.\",\"breadcrumb\":{\"@id\":\"https:\/\/www.bodoli.co.uk\/cy\/product\/mum\/#breadcrumb\"},\"inLanguage\":\"cy\",\"potentialAction\":[{\"@type\":\"ReadAction\",\"target\":[\"https:\/\/www.bodoli.co.uk\/cy\/product\/mum\/\"]}]},{\"@type\":\"ImageObject\",\"inLanguage\":\"cy\",\"@id\":\"https:\/\/www.bodoli.co.uk\/cy\/product\/mum\/#primaryimage\",\"url\":\"https:\/\/www.bodoli.co.uk\/wp-content\/uploads\/2016\/06\/teulu-ni.jpg\",\"contentUrl\":\"https:\/\/www.bodoli.co.uk\/wp-content\/uploads\/2016\/06\/teulu-ni.jpg\",\"width\":500,\"height\":500},{\"@type\":\"BreadcrumbList\",\"@id\":\"https:\/\/www.bodoli.co.uk\/cy\/product\/mum\/#breadcrumb\",\"itemListElement\":[{\"@type\":\"ListItem\",\"position\":1,\"name\":\"Home\",\"item\":\"https:\/\/www.bodoli.co.uk\/cy\/\"},{\"@type\":\"ListItem\",\"position\":2,\"name\":\"Shop\",\"item\":\"https:\/\/www.bodoli.co.uk\/cy\/shop\/\"},{\"@type\":\"ListItem\",\"position\":3,\"name\":\"Mum\"}]},{\"@type\":\"WebSite\",\"@id\":\"https:\/\/www.bodoli.co.uk\/#website\",\"url\":\"https:\/\/www.bodoli.co.uk\/\",\"name\":\"Bodoli\",\"description\":\"Rhoddion pwrpasol prydferth o Gymru\",\"publisher\":{\"@id\":\"https:\/\/www.bodoli.co.uk\/#organization\"},\"potentialAction\":[{\"@type\":\"SearchAction\",\"target\":{\"@type\":\"EntryPoint\",\"urlTemplate\":\"https:\/\/www.bodoli.co.uk\/?s={search_term_string}\"},\"query-input\":{\"@type\":\"PropertyValueSpecification\",\"valueRequired\":true,\"valueName\":\"search_term_string\"}}],\"inLanguage\":\"cy\"},{\"@type\":\"Organization\",\"@id\":\"https:\/\/www.bodoli.co.uk\/#organization\",\"name\":\"Bodoli\",\"url\":\"https:\/\/www.bodoli.co.uk\/\",\"logo\":{\"@type\":\"ImageObject\",\"inLanguage\":\"cy\",\"@id\":\"https:\/\/www.bodoli.co.uk\/#\/schema\/logo\/image\/\",\"url\":\"https:\/\/www.bodoli.co.uk\/wp-content\/uploads\/2015\/07\/Bodoli-Logo.png\",\"contentUrl\":\"https:\/\/www.bodoli.co.uk\/wp-content\/uploads\/2015\/07\/Bodoli-Logo.png\",\"width\":520,\"height\":206,\"caption\":\"Bodoli\"},\"image\":{\"@id\":\"https:\/\/www.bodoli.co.uk\/#\/schema\/logo\/image\/\"},\"sameAs\":[\"https:\/\/www.facebook.com\/Bodoliart\/\",\"https:\/\/www.pinterest.co.uk\/BODOLI_\/\"]}]}<\/script>\n<!-- \/ Yoast SEO plugin. -->","yoast_head_json":{"title":"Mam | Ffr\u00e2m Celf Cerrig Bychain Unigryw wedi'i Gwneud \u00e2 Llaw, i'w rhoi fel Rhodd - Bodoli","description":"Ffr\u00e2m Celf Cerrig Bychain Wych i Mam. Caiff ein holl fframiau eu gwneud \u00e2 llaw gan ddefnyddio deunyddiau naturiol \u2013 edrychwch sut y mae modd i ni ddylunio un yn arbennig ar eich cyfer chi.","robots":{"index":"index","follow":"follow","max-snippet":"max-snippet:-1","max-image-preview":"max-image-preview:large","max-video-preview":"max-video-preview:-1"},"canonical":"https:\/\/www.bodoli.co.uk\/cy\/product\/mum\/","og_locale":"en_US","og_type":"article","og_title":"Mam | Ffr\u00e2m Celf Cerrig Bychain Unigryw wedi'i Gwneud \u00e2 Llaw, i'w rhoi fel Rhodd - Bodoli","og_description":"Ffr\u00e2m Celf Cerrig Bychain Wych i Mam. Caiff ein holl fframiau eu gwneud \u00e2 llaw gan ddefnyddio deunyddiau naturiol \u2013 edrychwch sut y mae modd i ni ddylunio un yn arbennig ar eich cyfer chi.","og_url":"https:\/\/www.bodoli.co.uk\/cy\/product\/mum\/","og_site_name":"Bodoli","article_publisher":"https:\/\/www.facebook.com\/Bodoliart\/","article_modified_time":"2024-03-15T12:50:54+00:00","og_image":[{"width":500,"height":500,"url":"https:\/\/www.bodoli.co.uk\/wp-content\/uploads\/2016\/06\/teulu-ni.jpg","type":"image\/jpeg"}],"twitter_card":"summary_large_image","schema":{"@context":"https:\/\/schema.org","@graph":[{"@type":"WebPage","@id":"https:\/\/www.bodoli.co.uk\/cy\/product\/mum\/","url":"https:\/\/www.bodoli.co.uk\/cy\/product\/mum\/","name":"Mam | Ffr\u00e2m Celf Cerrig Bychain Unigryw wedi'i Gwneud \u00e2 Llaw, i'w rhoi fel Rhodd - Bodoli","isPartOf":{"@id":"https:\/\/www.bodoli.co.uk\/#website"},"primaryImageOfPage":{"@id":"https:\/\/www.bodoli.co.uk\/cy\/product\/mum\/#primaryimage"},"image":{"@id":"https:\/\/www.bodoli.co.uk\/cy\/product\/mum\/#primaryimage"},"thumbnailUrl":"https:\/\/www.bodoli.co.uk\/wp-content\/uploads\/2016\/06\/teulu-ni.jpg","datePublished":"2015-08-19T13:43:47+00:00","dateModified":"2024-03-15T12:50:54+00:00","description":"Ffr\u00e2m Celf Cerrig Bychain Wych i Mam. Caiff ein holl fframiau eu gwneud \u00e2 llaw gan ddefnyddio deunyddiau naturiol \u2013 edrychwch sut y mae modd i ni ddylunio un yn arbennig ar eich cyfer chi.","breadcrumb":{"@id":"https:\/\/www.bodoli.co.uk\/cy\/product\/mum\/#breadcrumb"},"inLanguage":"cy","potentialAction":[{"@type":"ReadAction","target":["https:\/\/www.bodoli.co.uk\/cy\/product\/mum\/"]}]},{"@type":"ImageObject","inLanguage":"cy","@id":"https:\/\/www.bodoli.co.uk\/cy\/product\/mum\/#primaryimage","url":"https:\/\/www.bodoli.co.uk\/wp-content\/uploads\/2016\/06\/teulu-ni.jpg","contentUrl":"https:\/\/www.bodoli.co.uk\/wp-content\/uploads\/2016\/06\/teulu-ni.jpg","width":500,"height":500},{"@type":"BreadcrumbList","@id":"https:\/\/www.bodoli.co.uk\/cy\/product\/mum\/#breadcrumb","itemListElement":[{"@type":"ListItem","position":1,"name":"Home","item":"https:\/\/www.bodoli.co.uk\/cy\/"},{"@type":"ListItem","position":2,"name":"Shop","item":"https:\/\/www.bodoli.co.uk\/cy\/shop\/"},{"@type":"ListItem","position":3,"name":"Mum"}]},{"@type":"WebSite","@id":"https:\/\/www.bodoli.co.uk\/#website","url":"https:\/\/www.bodoli.co.uk\/","name":"Bodoli","description":"Rhoddion pwrpasol prydferth o Gymru","publisher":{"@id":"https:\/\/www.bodoli.co.uk\/#organization"},"potentialAction":[{"@type":"SearchAction","target":{"@type":"EntryPoint","urlTemplate":"https:\/\/www.bodoli.co.uk\/?s={search_term_string}"},"query-input":{"@type":"PropertyValueSpecification","valueRequired":true,"valueName":"search_term_string"}}],"inLanguage":"cy"},{"@type":"Organization","@id":"https:\/\/www.bodoli.co.uk\/#organization","name":"Bodoli","url":"https:\/\/www.bodoli.co.uk\/","logo":{"@type":"ImageObject","inLanguage":"cy","@id":"https:\/\/www.bodoli.co.uk\/#\/schema\/logo\/image\/","url":"https:\/\/www.bodoli.co.uk\/wp-content\/uploads\/2015\/07\/Bodoli-Logo.png","contentUrl":"https:\/\/www.bodoli.co.uk\/wp-content\/uploads\/2015\/07\/Bodoli-Logo.png","width":520,"height":206,"caption":"Bodoli"},"image":{"@id":"https:\/\/www.bodoli.co.uk\/#\/schema\/logo\/image\/"},"sameAs":["https:\/\/www.facebook.com\/Bodoliart\/","https:\/\/www.pinterest.co.uk\/BODOLI_\/"]}]}},"_links":{"self":[{"href":"https:\/\/www.bodoli.co.uk\/cy\/wp-json\/wp\/v2\/product\/1370","targetHints":{"allow":["GET"]}}],"collection":[{"href":"https:\/\/www.bodoli.co.uk\/cy\/wp-json\/wp\/v2\/product"}],"about":[{"href":"https:\/\/www.bodoli.co.uk\/cy\/wp-json\/wp\/v2\/types\/product"}],"replies":[{"embeddable":true,"href":"https:\/\/www.bodoli.co.uk\/cy\/wp-json\/wp\/v2\/comments?post=1370"}],"wp:featuredmedia":[{"embeddable":true,"href":"https:\/\/www.bodoli.co.uk\/cy\/wp-json\/wp\/v2\/media\/2039"}],"wp:attachment":[{"href":"https:\/\/www.bodoli.co.uk\/cy\/wp-json\/wp\/v2\/media?parent=1370"}],"wp:term":[{"taxonomy":"product_brand","embeddable":true,"href":"https:\/\/www.bodoli.co.uk\/cy\/wp-json\/wp\/v2\/product_brand?post=1370"},{"taxonomy":"product_cat","embeddable":true,"href":"https:\/\/www.bodoli.co.uk\/cy\/wp-json\/wp\/v2\/product_cat?post=1370"},{"taxonomy":"product_tag","embeddable":true,"href":"https:\/\/www.bodoli.co.uk\/cy\/wp-json\/wp\/v2\/product_tag?post=1370"}],"curies":[{"name":"wp","href":"https:\/\/api.w.org\/{rel}","templated":true}]}}