{"id":1781,"date":"2016-02-25T13:23:14","date_gmt":"2016-02-25T13:23:14","guid":{"rendered":""},"modified":"2022-11-04T07:49:34","modified_gmt":"2022-11-04T07:49:34","slug":"ladi-thomas","status":"publish","type":"product","link":"https:\/\/www.bodoli.co.uk\/cy\/product\/ladi-thomas\/","title":{"rendered":"Ladi Thomas"},"content":{"rendered":"","protected":false},"excerpt":{"rendered":"<p>\u00a0<\/p>\n<p>Mae Ladi Thomas yn un o casgliad detholiad newydd o Ladis Tartan Cymreig. Mae hon yn gwisgo y Tartan teuluol Thomas. Caiff y brethyn ei wehyddu ym Melin Wl\u00e2n Cambria yn Llanwrtyd, Canolbarth Cymru (wedi&#8217;i drwyddedu i&#8217;r Ganolfan Tartan Cymreig). Mae&#8217;n casgliad yn cynnwys yr enwau teuluol Cymreig canlynol; Jones, Davies, Evans a Williams.\u00a0 Rydym yn defnyddio tartan Dewi Sant hefyd. Byddwn yn cynhyrchu 100 o bob dyluniad. Mae gan bob un o&#8217;r Ladis rif unigryw a bydd pob un yn dod gyda thystysgrif sy&#8217;n profi ei dilysrwydd.<\/p>\n","protected":false},"featured_media":1757,"comment_status":"open","ping_status":"closed","template":"","meta":{"_acf_changed":false,"_mi_skip_tracking":false},"product_brand":[],"product_cat":[59,75,63,70,57,51,81,54,65,53,85,94],"product_tag":[],"class_list":{"0":"post-1781","1":"product","2":"type-product","3":"status-publish","4":"has-post-thumbnail","6":"product_cat-fframiau","7":"product_cat-fframiau-celf-cerrig-bychain","8":"product_cat-nadolig","9":"product_cat-birthday-cy","10":"product_cat-rhoddion-cymreig","11":"product_cat-rhoddion-iddi-hi","12":"product_cat-rhoddion-penblywdd-priodas","13":"product_cat-rhoddion-personoledig","14":"product_cat-rhoddion-priodas","15":"product_cat-sul-y-mamau","16":"product_cat-teulu","17":"product_cat-y-ladi-gymreig","18":"product_shipping_class-small-cy","20":"first","21":"instock","22":"sold-individually","23":"shipping-taxable","24":"purchasable","25":"product-type-simple"},"acf":[],"yoast_head":"<!-- This site is optimized with the Yoast SEO plugin v27.4 - https:\/\/yoast.com\/product\/yoast-seo-wordpress\/ -->\n<title>Ladi Thomas | Ffr\u00e2m Celf Cerrig Bychain Unigryw wedi&#039;i Gwneud \u00e2 Llaw<\/title>\n<meta name=\"description\" content=\"Ladi Thomas brydferth - Ffr\u00e2m Celf Cerrig Bychain \u2013 anrheg perffaith ar gyfer Dydd Gwyl Dewi . Mae y detholiad o&#039;r Ladis Tartan yn gwisgo sgert o dartan teuluol Thomas.\" \/>\n<meta name=\"robots\" content=\"index, follow, max-snippet:-1, max-image-preview:large, max-video-preview:-1\" \/>\n<link rel=\"canonical\" href=\"https:\/\/www.bodoli.co.uk\/cy\/product\/ladi-thomas\/\" \/>\n<meta property=\"og:locale\" content=\"en_US\" \/>\n<meta property=\"og:type\" content=\"article\" \/>\n<meta property=\"og:title\" content=\"Ladi Thomas | Ffr\u00e2m Celf Cerrig Bychain Unigryw wedi&#039;i Gwneud \u00e2 Llaw\" \/>\n<meta property=\"og:description\" content=\"Ladi Thomas brydferth - Ffr\u00e2m Celf Cerrig Bychain \u2013 anrheg perffaith ar gyfer Dydd Gwyl Dewi . Mae y detholiad o&#039;r Ladis Tartan yn gwisgo sgert o dartan teuluol Thomas.\" \/>\n<meta property=\"og:url\" content=\"https:\/\/www.bodoli.co.uk\/cy\/product\/ladi-thomas\/\" \/>\n<meta property=\"og:site_name\" content=\"Bodoli\" \/>\n<meta property=\"article:publisher\" content=\"https:\/\/www.facebook.com\/Bodoliart\/\" \/>\n<meta property=\"article:modified_time\" content=\"2022-11-04T07:49:34+00:00\" \/>\n<meta property=\"og:image\" content=\"https:\/\/www.bodoli.co.uk\/wp-content\/uploads\/2016\/02\/Ladi-Thomas.jpg\" \/>\n\t<meta property=\"og:image:width\" content=\"500\" \/>\n\t<meta property=\"og:image:height\" content=\"483\" \/>\n\t<meta property=\"og:image:type\" content=\"image\/jpeg\" \/>\n<meta name=\"twitter:card\" content=\"summary_large_image\" \/>\n<script type=\"application\/ld+json\" class=\"yoast-schema-graph\">{\"@context\":\"https:\\\/\\\/schema.org\",\"@graph\":[{\"@type\":\"WebPage\",\"@id\":\"https:\\\/\\\/www.bodoli.co.uk\\\/cy\\\/product\\\/ladi-thomas\\\/\",\"url\":\"https:\\\/\\\/www.bodoli.co.uk\\\/cy\\\/product\\\/ladi-thomas\\\/\",\"name\":\"Ladi Thomas | Ffr\u00e2m Celf Cerrig Bychain Unigryw wedi'i Gwneud \u00e2 Llaw\",\"isPartOf\":{\"@id\":\"https:\\\/\\\/www.bodoli.co.uk\\\/#website\"},\"primaryImageOfPage\":{\"@id\":\"https:\\\/\\\/www.bodoli.co.uk\\\/cy\\\/product\\\/ladi-thomas\\\/#primaryimage\"},\"image\":{\"@id\":\"https:\\\/\\\/www.bodoli.co.uk\\\/cy\\\/product\\\/ladi-thomas\\\/#primaryimage\"},\"thumbnailUrl\":\"https:\\\/\\\/www.bodoli.co.uk\\\/wp-content\\\/uploads\\\/2016\\\/02\\\/Ladi-Thomas.jpg\",\"datePublished\":\"2016-02-25T13:23:14+00:00\",\"dateModified\":\"2022-11-04T07:49:34+00:00\",\"description\":\"Ladi Thomas brydferth - Ffr\u00e2m Celf Cerrig Bychain \u2013 anrheg perffaith ar gyfer Dydd Gwyl Dewi . Mae y detholiad o'r Ladis Tartan yn gwisgo sgert o dartan teuluol Thomas.\",\"breadcrumb\":{\"@id\":\"https:\\\/\\\/www.bodoli.co.uk\\\/cy\\\/product\\\/ladi-thomas\\\/#breadcrumb\"},\"inLanguage\":\"cy\",\"potentialAction\":[{\"@type\":\"ReadAction\",\"target\":[\"https:\\\/\\\/www.bodoli.co.uk\\\/cy\\\/product\\\/ladi-thomas\\\/\"]}]},{\"@type\":\"ImageObject\",\"inLanguage\":\"cy\",\"@id\":\"https:\\\/\\\/www.bodoli.co.uk\\\/cy\\\/product\\\/ladi-thomas\\\/#primaryimage\",\"url\":\"https:\\\/\\\/www.bodoli.co.uk\\\/wp-content\\\/uploads\\\/2016\\\/02\\\/Ladi-Thomas.jpg\",\"contentUrl\":\"https:\\\/\\\/www.bodoli.co.uk\\\/wp-content\\\/uploads\\\/2016\\\/02\\\/Ladi-Thomas.jpg\",\"width\":500,\"height\":483},{\"@type\":\"BreadcrumbList\",\"@id\":\"https:\\\/\\\/www.bodoli.co.uk\\\/cy\\\/product\\\/ladi-thomas\\\/#breadcrumb\",\"itemListElement\":[{\"@type\":\"ListItem\",\"position\":1,\"name\":\"Home\",\"item\":\"https:\\\/\\\/www.bodoli.co.uk\\\/cy\\\/\"},{\"@type\":\"ListItem\",\"position\":2,\"name\":\"Shop\",\"item\":\"https:\\\/\\\/www.bodoli.co.uk\\\/cy\\\/shop\\\/\"},{\"@type\":\"ListItem\",\"position\":3,\"name\":\"Ladi Thomas\"}]},{\"@type\":\"WebSite\",\"@id\":\"https:\\\/\\\/www.bodoli.co.uk\\\/#website\",\"url\":\"https:\\\/\\\/www.bodoli.co.uk\\\/\",\"name\":\"Bodoli\",\"description\":\"Rhoddion pwrpasol prydferth o Gymru\",\"publisher\":{\"@id\":\"https:\\\/\\\/www.bodoli.co.uk\\\/#organization\"},\"potentialAction\":[{\"@type\":\"SearchAction\",\"target\":{\"@type\":\"EntryPoint\",\"urlTemplate\":\"https:\\\/\\\/www.bodoli.co.uk\\\/?s={search_term_string}\"},\"query-input\":{\"@type\":\"PropertyValueSpecification\",\"valueRequired\":true,\"valueName\":\"search_term_string\"}}],\"inLanguage\":\"cy\"},{\"@type\":\"Organization\",\"@id\":\"https:\\\/\\\/www.bodoli.co.uk\\\/#organization\",\"name\":\"Bodoli\",\"url\":\"https:\\\/\\\/www.bodoli.co.uk\\\/\",\"logo\":{\"@type\":\"ImageObject\",\"inLanguage\":\"cy\",\"@id\":\"https:\\\/\\\/www.bodoli.co.uk\\\/#\\\/schema\\\/logo\\\/image\\\/\",\"url\":\"https:\\\/\\\/www.bodoli.co.uk\\\/wp-content\\\/uploads\\\/2015\\\/07\\\/Bodoli-Logo.png\",\"contentUrl\":\"https:\\\/\\\/www.bodoli.co.uk\\\/wp-content\\\/uploads\\\/2015\\\/07\\\/Bodoli-Logo.png\",\"width\":520,\"height\":206,\"caption\":\"Bodoli\"},\"image\":{\"@id\":\"https:\\\/\\\/www.bodoli.co.uk\\\/#\\\/schema\\\/logo\\\/image\\\/\"},\"sameAs\":[\"https:\\\/\\\/www.facebook.com\\\/Bodoliart\\\/\",\"https:\\\/\\\/www.pinterest.co.uk\\\/BODOLI_\\\/\"]}]}<\/script>\n<!-- \/ Yoast SEO plugin. -->","yoast_head_json":{"title":"Ladi Thomas | Ffr\u00e2m Celf Cerrig Bychain Unigryw wedi'i Gwneud \u00e2 Llaw","description":"Ladi Thomas brydferth - Ffr\u00e2m Celf Cerrig Bychain \u2013 anrheg perffaith ar gyfer Dydd Gwyl Dewi . Mae y detholiad o'r Ladis Tartan yn gwisgo sgert o dartan teuluol Thomas.","robots":{"index":"index","follow":"follow","max-snippet":"max-snippet:-1","max-image-preview":"max-image-preview:large","max-video-preview":"max-video-preview:-1"},"canonical":"https:\/\/www.bodoli.co.uk\/cy\/product\/ladi-thomas\/","og_locale":"en_US","og_type":"article","og_title":"Ladi Thomas | Ffr\u00e2m Celf Cerrig Bychain Unigryw wedi'i Gwneud \u00e2 Llaw","og_description":"Ladi Thomas brydferth - Ffr\u00e2m Celf Cerrig Bychain \u2013 anrheg perffaith ar gyfer Dydd Gwyl Dewi . Mae y detholiad o'r Ladis Tartan yn gwisgo sgert o dartan teuluol Thomas.","og_url":"https:\/\/www.bodoli.co.uk\/cy\/product\/ladi-thomas\/","og_site_name":"Bodoli","article_publisher":"https:\/\/www.facebook.com\/Bodoliart\/","article_modified_time":"2022-11-04T07:49:34+00:00","og_image":[{"width":500,"height":483,"url":"https:\/\/www.bodoli.co.uk\/wp-content\/uploads\/2016\/02\/Ladi-Thomas.jpg","type":"image\/jpeg"}],"twitter_card":"summary_large_image","schema":{"@context":"https:\/\/schema.org","@graph":[{"@type":"WebPage","@id":"https:\/\/www.bodoli.co.uk\/cy\/product\/ladi-thomas\/","url":"https:\/\/www.bodoli.co.uk\/cy\/product\/ladi-thomas\/","name":"Ladi Thomas | Ffr\u00e2m Celf Cerrig Bychain Unigryw wedi'i Gwneud \u00e2 Llaw","isPartOf":{"@id":"https:\/\/www.bodoli.co.uk\/#website"},"primaryImageOfPage":{"@id":"https:\/\/www.bodoli.co.uk\/cy\/product\/ladi-thomas\/#primaryimage"},"image":{"@id":"https:\/\/www.bodoli.co.uk\/cy\/product\/ladi-thomas\/#primaryimage"},"thumbnailUrl":"https:\/\/www.bodoli.co.uk\/wp-content\/uploads\/2016\/02\/Ladi-Thomas.jpg","datePublished":"2016-02-25T13:23:14+00:00","dateModified":"2022-11-04T07:49:34+00:00","description":"Ladi Thomas brydferth - Ffr\u00e2m Celf Cerrig Bychain \u2013 anrheg perffaith ar gyfer Dydd Gwyl Dewi . Mae y detholiad o'r Ladis Tartan yn gwisgo sgert o dartan teuluol Thomas.","breadcrumb":{"@id":"https:\/\/www.bodoli.co.uk\/cy\/product\/ladi-thomas\/#breadcrumb"},"inLanguage":"cy","potentialAction":[{"@type":"ReadAction","target":["https:\/\/www.bodoli.co.uk\/cy\/product\/ladi-thomas\/"]}]},{"@type":"ImageObject","inLanguage":"cy","@id":"https:\/\/www.bodoli.co.uk\/cy\/product\/ladi-thomas\/#primaryimage","url":"https:\/\/www.bodoli.co.uk\/wp-content\/uploads\/2016\/02\/Ladi-Thomas.jpg","contentUrl":"https:\/\/www.bodoli.co.uk\/wp-content\/uploads\/2016\/02\/Ladi-Thomas.jpg","width":500,"height":483},{"@type":"BreadcrumbList","@id":"https:\/\/www.bodoli.co.uk\/cy\/product\/ladi-thomas\/#breadcrumb","itemListElement":[{"@type":"ListItem","position":1,"name":"Home","item":"https:\/\/www.bodoli.co.uk\/cy\/"},{"@type":"ListItem","position":2,"name":"Shop","item":"https:\/\/www.bodoli.co.uk\/cy\/shop\/"},{"@type":"ListItem","position":3,"name":"Ladi Thomas"}]},{"@type":"WebSite","@id":"https:\/\/www.bodoli.co.uk\/#website","url":"https:\/\/www.bodoli.co.uk\/","name":"Bodoli","description":"Rhoddion pwrpasol prydferth o Gymru","publisher":{"@id":"https:\/\/www.bodoli.co.uk\/#organization"},"potentialAction":[{"@type":"SearchAction","target":{"@type":"EntryPoint","urlTemplate":"https:\/\/www.bodoli.co.uk\/?s={search_term_string}"},"query-input":{"@type":"PropertyValueSpecification","valueRequired":true,"valueName":"search_term_string"}}],"inLanguage":"cy"},{"@type":"Organization","@id":"https:\/\/www.bodoli.co.uk\/#organization","name":"Bodoli","url":"https:\/\/www.bodoli.co.uk\/","logo":{"@type":"ImageObject","inLanguage":"cy","@id":"https:\/\/www.bodoli.co.uk\/#\/schema\/logo\/image\/","url":"https:\/\/www.bodoli.co.uk\/wp-content\/uploads\/2015\/07\/Bodoli-Logo.png","contentUrl":"https:\/\/www.bodoli.co.uk\/wp-content\/uploads\/2015\/07\/Bodoli-Logo.png","width":520,"height":206,"caption":"Bodoli"},"image":{"@id":"https:\/\/www.bodoli.co.uk\/#\/schema\/logo\/image\/"},"sameAs":["https:\/\/www.facebook.com\/Bodoliart\/","https:\/\/www.pinterest.co.uk\/BODOLI_\/"]}]}},"_links":{"self":[{"href":"https:\/\/www.bodoli.co.uk\/cy\/wp-json\/wp\/v2\/product\/1781","targetHints":{"allow":["GET"]}}],"collection":[{"href":"https:\/\/www.bodoli.co.uk\/cy\/wp-json\/wp\/v2\/product"}],"about":[{"href":"https:\/\/www.bodoli.co.uk\/cy\/wp-json\/wp\/v2\/types\/product"}],"replies":[{"embeddable":true,"href":"https:\/\/www.bodoli.co.uk\/cy\/wp-json\/wp\/v2\/comments?post=1781"}],"wp:featuredmedia":[{"embeddable":true,"href":"https:\/\/www.bodoli.co.uk\/cy\/wp-json\/wp\/v2\/media\/1757"}],"wp:attachment":[{"href":"https:\/\/www.bodoli.co.uk\/cy\/wp-json\/wp\/v2\/media?parent=1781"}],"wp:term":[{"taxonomy":"product_brand","embeddable":true,"href":"https:\/\/www.bodoli.co.uk\/cy\/wp-json\/wp\/v2\/product_brand?post=1781"},{"taxonomy":"product_cat","embeddable":true,"href":"https:\/\/www.bodoli.co.uk\/cy\/wp-json\/wp\/v2\/product_cat?post=1781"},{"taxonomy":"product_tag","embeddable":true,"href":"https:\/\/www.bodoli.co.uk\/cy\/wp-json\/wp\/v2\/product_tag?post=1781"}],"curies":[{"name":"wp","href":"https:\/\/api.w.org\/{rel}","templated":true}]}}