{"id":561,"date":"2015-07-17T10:52:03","date_gmt":"2015-07-17T09:52:03","guid":{"rendered":"https:\/\/www.bodoli.co.uk\/cy\/product\/mi-gerddaf-gyda-thi\/"},"modified":"2020-01-14T08:23:23","modified_gmt":"2020-01-14T08:23:23","slug":"mi-gerddaf-gyda-thi","status":"publish","type":"product","link":"https:\/\/www.bodoli.co.uk\/cy\/product\/mi-gerddaf-gyda-thi\/","title":{"rendered":"Mi gerddaf gyda thi"},"content":{"rendered":"","protected":false},"excerpt":{"rendered":"<p>Print prydferth wedi&#8217;i stampio \u00e2 llaw o eiriau Mi gerddaf gyda thi, y g\u00e2n Gymraeg adnabyddus. Caiff ein holl ddyluniadau eu creu \u00e2 llaw yn unol \u00e2&#8217;ch gofynion, a&#8217;u pacio mewn ffordd brydferth er mwyn sicrhau eu bod yn cyrraedd yn ddiogel.<\/p>\n","protected":false},"featured_media":560,"comment_status":"closed","ping_status":"closed","template":"","meta":{"_acf_changed":false,"_mi_skip_tracking":false},"product_brand":[],"product_cat":[67,59,63,68,57,51,52,54,53,50],"product_tag":[],"class_list":{"0":"post-561","1":"product","2":"type-product","3":"status-publish","4":"has-post-thumbnail","6":"product_cat-cartref-newydd","7":"product_cat-fframiau","8":"product_cat-nadolig","9":"product_cat-printiau-cymraeg","10":"product_cat-rhoddion-cymreig","11":"product_cat-rhoddion-iddi-hi","12":"product_cat-rhoddion-iddo-ef","13":"product_cat-rhoddion-personoledig","14":"product_cat-sul-y-mamau","15":"product_cat-sul-y-tadau","16":"product_shipping_class-small-cy","18":"first","19":"instock","20":"sold-individually","21":"shipping-taxable","22":"purchasable","23":"product-type-simple"},"acf":[],"yoast_head":"<!-- This site is optimized with the Yoast SEO plugin v27.4 - https:\/\/yoast.com\/product\/yoast-seo-wordpress\/ -->\n<title>Mi gerddaf gyda Thi - Ffr\u00e2m o Brint Cymraeg wedi&#039;i Stampio \u00e2 Llaw, i&#039;w rhoi fel Rhodd - Bodoli<\/title>\n<meta name=\"description\" content=\"Print prydferth wedi&#039;i stampio \u00e2 llaw o eiriau Mi gerddaf gyda thi - cerdd Gymraeg adnabyddus, wedi&#039;i gosod mewn ffr\u00e2m bren bwrpasol i&#039;w rhoi fel rhodd\" \/>\n<meta name=\"robots\" content=\"index, follow, max-snippet:-1, max-image-preview:large, max-video-preview:-1\" \/>\n<link rel=\"canonical\" href=\"https:\/\/www.bodoli.co.uk\/cy\/product\/mi-gerddaf-gyda-thi\/\" \/>\n<meta property=\"og:locale\" content=\"en_US\" \/>\n<meta property=\"og:type\" content=\"article\" \/>\n<meta property=\"og:title\" content=\"Mi gerddaf gyda Thi - Ffr\u00e2m o Brint Cymraeg wedi&#039;i Stampio \u00e2 Llaw, i&#039;w rhoi fel Rhodd - Bodoli\" \/>\n<meta property=\"og:description\" content=\"Print prydferth wedi&#039;i stampio \u00e2 llaw o eiriau Mi gerddaf gyda thi - cerdd Gymraeg adnabyddus, wedi&#039;i gosod mewn ffr\u00e2m bren bwrpasol i&#039;w rhoi fel rhodd\" \/>\n<meta property=\"og:url\" content=\"https:\/\/www.bodoli.co.uk\/cy\/product\/mi-gerddaf-gyda-thi\/\" \/>\n<meta property=\"og:site_name\" content=\"Bodoli\" \/>\n<meta property=\"article:publisher\" content=\"https:\/\/www.facebook.com\/Bodoliart\/\" \/>\n<meta property=\"article:modified_time\" content=\"2020-01-14T08:23:23+00:00\" \/>\n<meta property=\"og:image\" content=\"https:\/\/www.bodoli.co.uk\/wp-content\/uploads\/2015\/07\/mi-gerddaf.jpg\" \/>\n\t<meta property=\"og:image:width\" content=\"500\" \/>\n\t<meta property=\"og:image:height\" content=\"500\" \/>\n\t<meta property=\"og:image:type\" content=\"image\/jpeg\" \/>\n<meta name=\"twitter:card\" content=\"summary_large_image\" \/>\n<script type=\"application\/ld+json\" class=\"yoast-schema-graph\">{\"@context\":\"https:\\\/\\\/schema.org\",\"@graph\":[{\"@type\":\"WebPage\",\"@id\":\"https:\\\/\\\/www.bodoli.co.uk\\\/cy\\\/product\\\/mi-gerddaf-gyda-thi\\\/\",\"url\":\"https:\\\/\\\/www.bodoli.co.uk\\\/cy\\\/product\\\/mi-gerddaf-gyda-thi\\\/\",\"name\":\"Mi gerddaf gyda Thi - Ffr\u00e2m o Brint Cymraeg wedi'i Stampio \u00e2 Llaw, i'w rhoi fel Rhodd - Bodoli\",\"isPartOf\":{\"@id\":\"https:\\\/\\\/www.bodoli.co.uk\\\/#website\"},\"primaryImageOfPage\":{\"@id\":\"https:\\\/\\\/www.bodoli.co.uk\\\/cy\\\/product\\\/mi-gerddaf-gyda-thi\\\/#primaryimage\"},\"image\":{\"@id\":\"https:\\\/\\\/www.bodoli.co.uk\\\/cy\\\/product\\\/mi-gerddaf-gyda-thi\\\/#primaryimage\"},\"thumbnailUrl\":\"https:\\\/\\\/www.bodoli.co.uk\\\/wp-content\\\/uploads\\\/2015\\\/07\\\/mi-gerddaf.jpg\",\"datePublished\":\"2015-07-17T09:52:03+00:00\",\"dateModified\":\"2020-01-14T08:23:23+00:00\",\"description\":\"Print prydferth wedi'i stampio \u00e2 llaw o eiriau Mi gerddaf gyda thi - cerdd Gymraeg adnabyddus, wedi'i gosod mewn ffr\u00e2m bren bwrpasol i'w rhoi fel rhodd\",\"breadcrumb\":{\"@id\":\"https:\\\/\\\/www.bodoli.co.uk\\\/cy\\\/product\\\/mi-gerddaf-gyda-thi\\\/#breadcrumb\"},\"inLanguage\":\"cy\",\"potentialAction\":[{\"@type\":\"ReadAction\",\"target\":[\"https:\\\/\\\/www.bodoli.co.uk\\\/cy\\\/product\\\/mi-gerddaf-gyda-thi\\\/\"]}]},{\"@type\":\"ImageObject\",\"inLanguage\":\"cy\",\"@id\":\"https:\\\/\\\/www.bodoli.co.uk\\\/cy\\\/product\\\/mi-gerddaf-gyda-thi\\\/#primaryimage\",\"url\":\"https:\\\/\\\/www.bodoli.co.uk\\\/wp-content\\\/uploads\\\/2015\\\/07\\\/mi-gerddaf.jpg\",\"contentUrl\":\"https:\\\/\\\/www.bodoli.co.uk\\\/wp-content\\\/uploads\\\/2015\\\/07\\\/mi-gerddaf.jpg\",\"width\":500,\"height\":500},{\"@type\":\"BreadcrumbList\",\"@id\":\"https:\\\/\\\/www.bodoli.co.uk\\\/cy\\\/product\\\/mi-gerddaf-gyda-thi\\\/#breadcrumb\",\"itemListElement\":[{\"@type\":\"ListItem\",\"position\":1,\"name\":\"Home\",\"item\":\"https:\\\/\\\/www.bodoli.co.uk\\\/cy\\\/\"},{\"@type\":\"ListItem\",\"position\":2,\"name\":\"Shop\",\"item\":\"https:\\\/\\\/www.bodoli.co.uk\\\/cy\\\/shop\\\/\"},{\"@type\":\"ListItem\",\"position\":3,\"name\":\"Mi gerddaf gyda thi\"}]},{\"@type\":\"WebSite\",\"@id\":\"https:\\\/\\\/www.bodoli.co.uk\\\/#website\",\"url\":\"https:\\\/\\\/www.bodoli.co.uk\\\/\",\"name\":\"Bodoli\",\"description\":\"Rhoddion pwrpasol prydferth o Gymru\",\"publisher\":{\"@id\":\"https:\\\/\\\/www.bodoli.co.uk\\\/#organization\"},\"potentialAction\":[{\"@type\":\"SearchAction\",\"target\":{\"@type\":\"EntryPoint\",\"urlTemplate\":\"https:\\\/\\\/www.bodoli.co.uk\\\/?s={search_term_string}\"},\"query-input\":{\"@type\":\"PropertyValueSpecification\",\"valueRequired\":true,\"valueName\":\"search_term_string\"}}],\"inLanguage\":\"cy\"},{\"@type\":\"Organization\",\"@id\":\"https:\\\/\\\/www.bodoli.co.uk\\\/#organization\",\"name\":\"Bodoli\",\"url\":\"https:\\\/\\\/www.bodoli.co.uk\\\/\",\"logo\":{\"@type\":\"ImageObject\",\"inLanguage\":\"cy\",\"@id\":\"https:\\\/\\\/www.bodoli.co.uk\\\/#\\\/schema\\\/logo\\\/image\\\/\",\"url\":\"https:\\\/\\\/www.bodoli.co.uk\\\/wp-content\\\/uploads\\\/2015\\\/07\\\/Bodoli-Logo.png\",\"contentUrl\":\"https:\\\/\\\/www.bodoli.co.uk\\\/wp-content\\\/uploads\\\/2015\\\/07\\\/Bodoli-Logo.png\",\"width\":520,\"height\":206,\"caption\":\"Bodoli\"},\"image\":{\"@id\":\"https:\\\/\\\/www.bodoli.co.uk\\\/#\\\/schema\\\/logo\\\/image\\\/\"},\"sameAs\":[\"https:\\\/\\\/www.facebook.com\\\/Bodoliart\\\/\",\"https:\\\/\\\/www.pinterest.co.uk\\\/BODOLI_\\\/\"]}]}<\/script>\n<!-- \/ Yoast SEO plugin. -->","yoast_head_json":{"title":"Mi gerddaf gyda Thi - Ffr\u00e2m o Brint Cymraeg wedi'i Stampio \u00e2 Llaw, i'w rhoi fel Rhodd - Bodoli","description":"Print prydferth wedi'i stampio \u00e2 llaw o eiriau Mi gerddaf gyda thi - cerdd Gymraeg adnabyddus, wedi'i gosod mewn ffr\u00e2m bren bwrpasol i'w rhoi fel rhodd","robots":{"index":"index","follow":"follow","max-snippet":"max-snippet:-1","max-image-preview":"max-image-preview:large","max-video-preview":"max-video-preview:-1"},"canonical":"https:\/\/www.bodoli.co.uk\/cy\/product\/mi-gerddaf-gyda-thi\/","og_locale":"en_US","og_type":"article","og_title":"Mi gerddaf gyda Thi - Ffr\u00e2m o Brint Cymraeg wedi'i Stampio \u00e2 Llaw, i'w rhoi fel Rhodd - Bodoli","og_description":"Print prydferth wedi'i stampio \u00e2 llaw o eiriau Mi gerddaf gyda thi - cerdd Gymraeg adnabyddus, wedi'i gosod mewn ffr\u00e2m bren bwrpasol i'w rhoi fel rhodd","og_url":"https:\/\/www.bodoli.co.uk\/cy\/product\/mi-gerddaf-gyda-thi\/","og_site_name":"Bodoli","article_publisher":"https:\/\/www.facebook.com\/Bodoliart\/","article_modified_time":"2020-01-14T08:23:23+00:00","og_image":[{"width":500,"height":500,"url":"https:\/\/www.bodoli.co.uk\/wp-content\/uploads\/2015\/07\/mi-gerddaf.jpg","type":"image\/jpeg"}],"twitter_card":"summary_large_image","schema":{"@context":"https:\/\/schema.org","@graph":[{"@type":"WebPage","@id":"https:\/\/www.bodoli.co.uk\/cy\/product\/mi-gerddaf-gyda-thi\/","url":"https:\/\/www.bodoli.co.uk\/cy\/product\/mi-gerddaf-gyda-thi\/","name":"Mi gerddaf gyda Thi - Ffr\u00e2m o Brint Cymraeg wedi'i Stampio \u00e2 Llaw, i'w rhoi fel Rhodd - Bodoli","isPartOf":{"@id":"https:\/\/www.bodoli.co.uk\/#website"},"primaryImageOfPage":{"@id":"https:\/\/www.bodoli.co.uk\/cy\/product\/mi-gerddaf-gyda-thi\/#primaryimage"},"image":{"@id":"https:\/\/www.bodoli.co.uk\/cy\/product\/mi-gerddaf-gyda-thi\/#primaryimage"},"thumbnailUrl":"https:\/\/www.bodoli.co.uk\/wp-content\/uploads\/2015\/07\/mi-gerddaf.jpg","datePublished":"2015-07-17T09:52:03+00:00","dateModified":"2020-01-14T08:23:23+00:00","description":"Print prydferth wedi'i stampio \u00e2 llaw o eiriau Mi gerddaf gyda thi - cerdd Gymraeg adnabyddus, wedi'i gosod mewn ffr\u00e2m bren bwrpasol i'w rhoi fel rhodd","breadcrumb":{"@id":"https:\/\/www.bodoli.co.uk\/cy\/product\/mi-gerddaf-gyda-thi\/#breadcrumb"},"inLanguage":"cy","potentialAction":[{"@type":"ReadAction","target":["https:\/\/www.bodoli.co.uk\/cy\/product\/mi-gerddaf-gyda-thi\/"]}]},{"@type":"ImageObject","inLanguage":"cy","@id":"https:\/\/www.bodoli.co.uk\/cy\/product\/mi-gerddaf-gyda-thi\/#primaryimage","url":"https:\/\/www.bodoli.co.uk\/wp-content\/uploads\/2015\/07\/mi-gerddaf.jpg","contentUrl":"https:\/\/www.bodoli.co.uk\/wp-content\/uploads\/2015\/07\/mi-gerddaf.jpg","width":500,"height":500},{"@type":"BreadcrumbList","@id":"https:\/\/www.bodoli.co.uk\/cy\/product\/mi-gerddaf-gyda-thi\/#breadcrumb","itemListElement":[{"@type":"ListItem","position":1,"name":"Home","item":"https:\/\/www.bodoli.co.uk\/cy\/"},{"@type":"ListItem","position":2,"name":"Shop","item":"https:\/\/www.bodoli.co.uk\/cy\/shop\/"},{"@type":"ListItem","position":3,"name":"Mi gerddaf gyda thi"}]},{"@type":"WebSite","@id":"https:\/\/www.bodoli.co.uk\/#website","url":"https:\/\/www.bodoli.co.uk\/","name":"Bodoli","description":"Rhoddion pwrpasol prydferth o Gymru","publisher":{"@id":"https:\/\/www.bodoli.co.uk\/#organization"},"potentialAction":[{"@type":"SearchAction","target":{"@type":"EntryPoint","urlTemplate":"https:\/\/www.bodoli.co.uk\/?s={search_term_string}"},"query-input":{"@type":"PropertyValueSpecification","valueRequired":true,"valueName":"search_term_string"}}],"inLanguage":"cy"},{"@type":"Organization","@id":"https:\/\/www.bodoli.co.uk\/#organization","name":"Bodoli","url":"https:\/\/www.bodoli.co.uk\/","logo":{"@type":"ImageObject","inLanguage":"cy","@id":"https:\/\/www.bodoli.co.uk\/#\/schema\/logo\/image\/","url":"https:\/\/www.bodoli.co.uk\/wp-content\/uploads\/2015\/07\/Bodoli-Logo.png","contentUrl":"https:\/\/www.bodoli.co.uk\/wp-content\/uploads\/2015\/07\/Bodoli-Logo.png","width":520,"height":206,"caption":"Bodoli"},"image":{"@id":"https:\/\/www.bodoli.co.uk\/#\/schema\/logo\/image\/"},"sameAs":["https:\/\/www.facebook.com\/Bodoliart\/","https:\/\/www.pinterest.co.uk\/BODOLI_\/"]}]}},"_links":{"self":[{"href":"https:\/\/www.bodoli.co.uk\/cy\/wp-json\/wp\/v2\/product\/561","targetHints":{"allow":["GET"]}}],"collection":[{"href":"https:\/\/www.bodoli.co.uk\/cy\/wp-json\/wp\/v2\/product"}],"about":[{"href":"https:\/\/www.bodoli.co.uk\/cy\/wp-json\/wp\/v2\/types\/product"}],"replies":[{"embeddable":true,"href":"https:\/\/www.bodoli.co.uk\/cy\/wp-json\/wp\/v2\/comments?post=561"}],"wp:featuredmedia":[{"embeddable":true,"href":"https:\/\/www.bodoli.co.uk\/cy\/wp-json\/wp\/v2\/media\/560"}],"wp:attachment":[{"href":"https:\/\/www.bodoli.co.uk\/cy\/wp-json\/wp\/v2\/media?parent=561"}],"wp:term":[{"taxonomy":"product_brand","embeddable":true,"href":"https:\/\/www.bodoli.co.uk\/cy\/wp-json\/wp\/v2\/product_brand?post=561"},{"taxonomy":"product_cat","embeddable":true,"href":"https:\/\/www.bodoli.co.uk\/cy\/wp-json\/wp\/v2\/product_cat?post=561"},{"taxonomy":"product_tag","embeddable":true,"href":"https:\/\/www.bodoli.co.uk\/cy\/wp-json\/wp\/v2\/product_tag?post=561"}],"curies":[{"name":"wp","href":"https:\/\/api.w.org\/{rel}","templated":true}]}}